{"id":46,"date":"2023-06-17T17:32:27","date_gmt":"2023-06-17T15:32:27","guid":{"rendered":"https:\/\/madirokitamby.com\/?page_id=46"},"modified":"2024-05-02T11:36:43","modified_gmt":"2024-05-02T09:36:43","slug":"a-propos","status":"publish","type":"page","link":"https:\/\/madirokitamby.com\/","title":{"rendered":"Le g\u00eete"},"content":{"rendered":"\n<figure class=\"wp-block-image size-full\"><img loading=\"lazy\" decoding=\"async\" width=\"1199\" height=\"269\" src=\"https:\/\/madirokitamby.com\/wp-content\/uploads\/2023\/06\/cropped-MK.jpg\" alt=\"G\u00eete Madiro kitamby, h\u00f4tel, restaurant,  manger, dormir, plonger, excursions, p\u00eache, Windsor Castle, baie du Courrier, Diego Suarez, Madagascar. \" class=\"wp-image-26\" style=\"object-fit:cover\" srcset=\"https:\/\/madirokitamby.com\/wp-content\/uploads\/2023\/06\/cropped-MK.jpg 1199w, https:\/\/madirokitamby.com\/wp-content\/uploads\/2023\/06\/cropped-MK-300x67.jpg 300w, https:\/\/madirokitamby.com\/wp-content\/uploads\/2023\/06\/cropped-MK-1024x230.jpg 1024w, https:\/\/madirokitamby.com\/wp-content\/uploads\/2023\/06\/cropped-MK-768x172.jpg 768w\" sizes=\"auto, (max-width: 1199px) 100vw, 1199px\" \/><\/figure>\n\n\n\n<p><\/p>\n\n\n\n<p>Tonga soa, bienvenue. <\/p>\n\n\n\n<p>Madiro Kitamby est un g\u00eete touristique compos\u00e9 d&#8217;une maison et d&#8217;une table d&#8217;h\u00f4tes ainsi que de bungalows traditionnels malgaches. <\/p>\n\n\n\n<p>Nous proposons diverses activit\u00e9s dans la baie du Courrier : excusions, plong\u00e9e, bivouac, p\u00eache dans l&#8217;archipel de Nosy Hara, la marche vers le Windsor Castle, la d\u00e9couverte de la c\u00f4te. <\/p>\n\n\n\n<p>Vous dormirez dans une case en falafy. Elle dispose d&#8217;un lit double avec moustiquaire, d&#8217;une commode, d&#8217;une table et de chaises longues. <\/p>\n\n\n\n<p>Eclairage solaire.<\/p>\n\n\n\n<p>Douches et toilettes \u00e0 l&#8217;ext\u00e9rieur.<\/p>\n\n\n\n<p>Les repas sont organis\u00e9s par les h\u00f4tes sur leur terrasse. La cuisine est locale et m\u00e9tiss\u00e9e. <\/p>\n\n\n\n<figure class=\"wp-block-gallery has-nested-images columns-default is-cropped wp-block-gallery-1 is-layout-flex wp-block-gallery-is-layout-flex\"><\/figure>\n\n\n\n<h3 class=\"wp-block-heading\">Activit\u00e9s au g\u00eete<\/h3>\n\n\n\n<p><strong>Randonn\u00e9e au Windsor Castle avec un pisteur local : 5\u20ac<\/strong><\/p>\n\n\n\n<p>Le Windsor Castle est un ancien fort construit par les Fran\u00e7ais&nbsp;en 1900 sur un promontoire de 400 m\u00e8tres de haut offrant vue sur la baie de Diego Suarez et la baie du Courrier. <\/p>\n\n\n\n<figure class=\"wp-block-image size-full\"><img loading=\"lazy\" decoding=\"async\" width=\"664\" height=\"877\" src=\"https:\/\/madirokitamby.com\/wp-content\/uploads\/2023\/06\/Windsor-1-001.jpg\" alt=\"Windsor Castle, Madiro Kitamby, marche, randonn\u00e9e, excursions, vue,  baie du Courrier, Diego Suarez, Madagascar\" class=\"wp-image-134\" style=\"object-fit:cover\" srcset=\"https:\/\/madirokitamby.com\/wp-content\/uploads\/2023\/06\/Windsor-1-001.jpg 664w, https:\/\/madirokitamby.com\/wp-content\/uploads\/2023\/06\/Windsor-1-001-227x300.jpg 227w\" sizes=\"auto, (max-width: 664px) 100vw, 664px\" \/><\/figure>\n\n\n\n<p><\/p>\n\n\n\n<p><strong>Snorkeling sur Nosy Kola ou d\u2019autres lieux de la Baie du Courrier : sur devis. <\/strong><\/p>\n\n\n\n<figure class=\"wp-block-image size-full\"><img loading=\"lazy\" decoding=\"async\" width=\"960\" height=\"720\" src=\"https:\/\/madirokitamby.com\/wp-content\/uploads\/2023\/06\/Snorckeling-001.jpg\" alt=\"Snorkeling, plong\u00e9e, Madiro Kitamby, baie du Courrier, Diego Suarez, Madagascar\" class=\"wp-image-135\" style=\"object-fit:cover\" srcset=\"https:\/\/madirokitamby.com\/wp-content\/uploads\/2023\/06\/Snorckeling-001.jpg 960w, https:\/\/madirokitamby.com\/wp-content\/uploads\/2023\/06\/Snorckeling-001-300x225.jpg 300w, https:\/\/madirokitamby.com\/wp-content\/uploads\/2023\/06\/Snorckeling-001-768x576.jpg 768w, https:\/\/madirokitamby.com\/wp-content\/uploads\/2023\/06\/Snorckeling-001-120x90.jpg 120w\" sizes=\"auto, (max-width: 960px) 100vw, 960px\" \/><\/figure>\n\n\n\n<p><\/p>\n\n\n\n<p><strong>Baignade et transats : inclus. <\/strong><\/p>\n\n\n\n<p>Le g\u00eete a sa plage priv\u00e9e. Elle est entour\u00e9e de mangroves et de pal\u00e9tuviers. La vue donne sur l&#8217;archipel de Nosy Hara. <\/p>\n\n\n\n<figure class=\"wp-block-image size-large\"><img loading=\"lazy\" decoding=\"async\" width=\"1024\" height=\"768\" src=\"https:\/\/madirokitamby.com\/wp-content\/uploads\/2023\/06\/20230512_160845-1024x768.jpg\" alt=\"Bungalow, G\u00eete, H\u00f4tel, dormir, bronzer, nager, Madiro Kitamby, dormir \u00e0 la baie du Courrier, Diego Suarez, Madagascar\" class=\"wp-image-50\" srcset=\"https:\/\/madirokitamby.com\/wp-content\/uploads\/2023\/06\/20230512_160845-1024x768.jpg 1024w, https:\/\/madirokitamby.com\/wp-content\/uploads\/2023\/06\/20230512_160845-300x225.jpg 300w, https:\/\/madirokitamby.com\/wp-content\/uploads\/2023\/06\/20230512_160845-768x576.jpg 768w, https:\/\/madirokitamby.com\/wp-content\/uploads\/2023\/06\/20230512_160845-1536x1152.jpg 1536w, https:\/\/madirokitamby.com\/wp-content\/uploads\/2023\/06\/20230512_160845-2048x1536.jpg 2048w, https:\/\/madirokitamby.com\/wp-content\/uploads\/2023\/06\/20230512_160845-120x90.jpg 120w\" sizes=\"auto, (max-width: 1024px) 100vw, 1024px\" \/><\/figure>\n\n\n\n<p><strong>P\u00eache \u00e0 pied : inclus.<\/strong><\/p>\n\n\n\n<p>Coquillages, crabes, poulpes et autres <\/p>\n\n\n\n<figure class=\"wp-block-image size-full\"><img loading=\"lazy\" decoding=\"async\" width=\"960\" height=\"629\" src=\"https:\/\/madirokitamby.com\/wp-content\/uploads\/2023\/06\/Peche-a-pied-001.jpg\" alt=\"Baie du Courrier, g\u00eete, excursions, Madiro Kitamby, Diego Suarez, Madagascar\" class=\"wp-image-137\" style=\"object-fit:cover\" srcset=\"https:\/\/madirokitamby.com\/wp-content\/uploads\/2023\/06\/Peche-a-pied-001.jpg 960w, https:\/\/madirokitamby.com\/wp-content\/uploads\/2023\/06\/Peche-a-pied-001-300x197.jpg 300w, https:\/\/madirokitamby.com\/wp-content\/uploads\/2023\/06\/Peche-a-pied-001-768x503.jpg 768w\" sizes=\"auto, (max-width: 960px) 100vw, 960px\" \/><\/figure>\n\n\n\n<p><\/p>\n\n\n\n<p><strong>Ballades : inclus.<\/strong><\/p>\n\n\n\n<figure class=\"wp-block-image size-full\"><img loading=\"lazy\" decoding=\"async\" width=\"960\" height=\"618\" src=\"https:\/\/madirokitamby.com\/wp-content\/uploads\/2023\/06\/Windsor-001.jpg\" alt=\"Baie du Courrier, g\u00eete Madiro Kitamby, excursions Diego Suarez, Madagascar \" class=\"wp-image-138\" style=\"object-fit:cover\" srcset=\"https:\/\/madirokitamby.com\/wp-content\/uploads\/2023\/06\/Windsor-001.jpg 960w, https:\/\/madirokitamby.com\/wp-content\/uploads\/2023\/06\/Windsor-001-300x193.jpg 300w, https:\/\/madirokitamby.com\/wp-content\/uploads\/2023\/06\/Windsor-001-768x494.jpg 768w\" sizes=\"auto, (max-width: 960px) 100vw, 960px\" \/><\/figure>\n\n\n\n<p><\/p>\n\n\n\n<p><strong>P\u00eache sportive : sur devis. <\/strong><\/p>\n\n\n\n<figure class=\"wp-block-image size-large\"><img loading=\"lazy\" decoding=\"async\" width=\"1024\" height=\"735\" src=\"https:\/\/madirokitamby.com\/wp-content\/uploads\/2023\/06\/Peche-001-1024x735.jpg\" alt=\"P\u00eache Madiro Kitamby, p\u00eache baie du Courrier, Diego Suarez, Madagascar\" class=\"wp-image-139\" style=\"object-fit:cover\" srcset=\"https:\/\/madirokitamby.com\/wp-content\/uploads\/2023\/06\/Peche-001-1024x735.jpg 1024w, https:\/\/madirokitamby.com\/wp-content\/uploads\/2023\/06\/Peche-001-300x215.jpg 300w, https:\/\/madirokitamby.com\/wp-content\/uploads\/2023\/06\/Peche-001-768x551.jpg 768w, https:\/\/madirokitamby.com\/wp-content\/uploads\/2023\/06\/Peche-001.jpg 1502w\" sizes=\"auto, (max-width: 1024px) 100vw, 1024px\" \/><\/figure>\n\n\n\n<figure class=\"wp-block-image size-large\"><img loading=\"lazy\" decoding=\"async\" width=\"1024\" height=\"768\" src=\"https:\/\/madirokitamby.com\/wp-content\/uploads\/2023\/07\/Bateau-1024x768.jpg\" alt=\"P\u00eache Madiro Kitamby, p\u00eache baie du Courrier, Diego Suarez, Madagascar\" class=\"wp-image-192\" style=\"object-fit:cover\" srcset=\"https:\/\/madirokitamby.com\/wp-content\/uploads\/2023\/07\/Bateau-1024x768.jpg 1024w, https:\/\/madirokitamby.com\/wp-content\/uploads\/2023\/07\/Bateau-300x225.jpg 300w, https:\/\/madirokitamby.com\/wp-content\/uploads\/2023\/07\/Bateau-768x576.jpg 768w, https:\/\/madirokitamby.com\/wp-content\/uploads\/2023\/07\/Bateau-1536x1152.jpg 1536w, https:\/\/madirokitamby.com\/wp-content\/uploads\/2023\/07\/Bateau-120x90.jpg 120w, https:\/\/madirokitamby.com\/wp-content\/uploads\/2023\/07\/Bateau.jpg 2048w\" sizes=\"auto, (max-width: 1024px) 100vw, 1024px\" \/><\/figure>\n\n\n\n<figure class=\"wp-block-gallery has-nested-images columns-default is-cropped wp-block-gallery-2 is-layout-flex wp-block-gallery-is-layout-flex\">\n<figure class=\"wp-block-image size-full\"><img loading=\"lazy\" decoding=\"async\" width=\"1600\" height=\"1200\" data-id=\"194\" src=\"https:\/\/madirokitamby.com\/wp-content\/uploads\/2023\/07\/Peche.jpg\" alt=\"P\u00eache Madiro Kitamby, p\u00eache baie du Courrier, Diego Suarez, Madagascar\" class=\"wp-image-194\" srcset=\"https:\/\/madirokitamby.com\/wp-content\/uploads\/2023\/07\/Peche.jpg 1600w, https:\/\/madirokitamby.com\/wp-content\/uploads\/2023\/07\/Peche-300x225.jpg 300w, https:\/\/madirokitamby.com\/wp-content\/uploads\/2023\/07\/Peche-1024x768.jpg 1024w, https:\/\/madirokitamby.com\/wp-content\/uploads\/2023\/07\/Peche-768x576.jpg 768w, https:\/\/madirokitamby.com\/wp-content\/uploads\/2023\/07\/Peche-1536x1152.jpg 1536w, https:\/\/madirokitamby.com\/wp-content\/uploads\/2023\/07\/Peche-120x90.jpg 120w\" sizes=\"auto, (max-width: 1600px) 100vw, 1600px\" \/><\/figure>\n<\/figure>\n\n\n\n<p><\/p>\n\n\n\n<p class=\"has-text-align-center\">A bient\u00f4t, veloma ! <\/p>\n","protected":false},"excerpt":{"rendered":"<p>Tonga soa, bienvenue. Madiro Kitamby est un g\u00eete touristique compos\u00e9 d&#8217;une maison et d&#8217;une table d&#8217;h\u00f4tes ainsi que de bungalows traditionnels malgaches. Nous proposons diverses activit\u00e9s dans la baie du Courrier : excusions, plong\u00e9e, bivouac, p\u00eache dans l&#8217;archipel de Nosy Hara, la marche vers le Windsor Castle, la d\u00e9couverte de la c\u00f4te. Vous dormirez dans&hellip;<\/p>\n","protected":false},"author":1,"featured_media":0,"parent":0,"menu_order":0,"comment_status":"closed","ping_status":"closed","template":"","meta":{"footnotes":""},"class_list":["post-46","page","type-page","status-publish","hentry"],"_links":{"self":[{"href":"https:\/\/madirokitamby.com\/index.php\/wp-json\/wp\/v2\/pages\/46","targetHints":{"allow":["GET"]}}],"collection":[{"href":"https:\/\/madirokitamby.com\/index.php\/wp-json\/wp\/v2\/pages"}],"about":[{"href":"https:\/\/madirokitamby.com\/index.php\/wp-json\/wp\/v2\/types\/page"}],"author":[{"embeddable":true,"href":"https:\/\/madirokitamby.com\/index.php\/wp-json\/wp\/v2\/users\/1"}],"replies":[{"embeddable":true,"href":"https:\/\/madirokitamby.com\/index.php\/wp-json\/wp\/v2\/comments?post=46"}],"version-history":[{"count":39,"href":"https:\/\/madirokitamby.com\/index.php\/wp-json\/wp\/v2\/pages\/46\/revisions"}],"predecessor-version":[{"id":263,"href":"https:\/\/madirokitamby.com\/index.php\/wp-json\/wp\/v2\/pages\/46\/revisions\/263"}],"wp:attachment":[{"href":"https:\/\/madirokitamby.com\/index.php\/wp-json\/wp\/v2\/media?parent=46"}],"curies":[{"name":"wp","href":"https:\/\/api.w.org\/{rel}","templated":true}]}}