{"id":41,"date":"2023-06-17T17:13:19","date_gmt":"2023-06-17T15:13:19","guid":{"rendered":"https:\/\/madirokitamby.com\/?page_id=41"},"modified":"2023-08-11T13:37:53","modified_gmt":"2023-08-11T11:37:53","slug":"contact","status":"publish","type":"page","link":"https:\/\/madirokitamby.com\/index.php\/contact\/","title":{"rendered":"Contact"},"content":{"rendered":"\n<p>resa.madiro.kitamby@gmail.com<\/p>\n\n\n\n<p>+261345297149<\/p>\n\n\n\n<p>+261323515882<\/p>\n\n\n\n<p class=\"has-luminous-vivid-amber-color has-vivid-cyan-blue-color has-white-background-color has-text-color has-background\"><a href=\"https:\/\/www.facebook.com\/profile.php?id=100062980852279\">Page Facebook Madiro Kitamby<\/a><\/p>\n\n\n\n<figure class=\"wp-block-gallery has-nested-images columns-default is-cropped wp-block-gallery-1 is-layout-flex wp-block-gallery-is-layout-flex\">\n<figure class=\"wp-block-image size-large\"><img loading=\"lazy\" decoding=\"async\" width=\"1024\" height=\"1022\" data-id=\"174\" src=\"https:\/\/madirokitamby.com\/wp-content\/uploads\/2023\/07\/MKLOGO-1024x1022.jpg\" alt=\"Madiro Kitamby, g\u00eete et table d'h\u00f4tes, excursions, randonn\u00e9es, p\u00eacher, manger, dormir, baie du Courrier, Diego Suarez, Madagascar\" class=\"wp-image-174\" srcset=\"https:\/\/madirokitamby.com\/wp-content\/uploads\/2023\/07\/MKLOGO-1024x1022.jpg 1024w, https:\/\/madirokitamby.com\/wp-content\/uploads\/2023\/07\/MKLOGO-300x300.jpg 300w, https:\/\/madirokitamby.com\/wp-content\/uploads\/2023\/07\/MKLOGO-150x150.jpg 150w, https:\/\/madirokitamby.com\/wp-content\/uploads\/2023\/07\/MKLOGO-768x766.jpg 768w, https:\/\/madirokitamby.com\/wp-content\/uploads\/2023\/07\/MKLOGO.jpg 1440w\" sizes=\"auto, (max-width: 1024px) 100vw, 1024px\" \/><\/figure>\n<\/figure>\n","protected":false},"excerpt":{"rendered":"<p>resa.madiro.kitamby@gmail.com +261345297149 +261323515882 Page Facebook Madiro Kitamby<\/p>\n","protected":false},"author":1,"featured_media":0,"parent":0,"menu_order":0,"comment_status":"closed","ping_status":"closed","template":"","meta":{"footnotes":""},"class_list":["post-41","page","type-page","status-publish","hentry"],"_links":{"self":[{"href":"https:\/\/madirokitamby.com\/index.php\/wp-json\/wp\/v2\/pages\/41","targetHints":{"allow":["GET"]}}],"collection":[{"href":"https:\/\/madirokitamby.com\/index.php\/wp-json\/wp\/v2\/pages"}],"about":[{"href":"https:\/\/madirokitamby.com\/index.php\/wp-json\/wp\/v2\/types\/page"}],"author":[{"embeddable":true,"href":"https:\/\/madirokitamby.com\/index.php\/wp-json\/wp\/v2\/users\/1"}],"replies":[{"embeddable":true,"href":"https:\/\/madirokitamby.com\/index.php\/wp-json\/wp\/v2\/comments?post=41"}],"version-history":[{"count":11,"href":"https:\/\/madirokitamby.com\/index.php\/wp-json\/wp\/v2\/pages\/41\/revisions"}],"predecessor-version":[{"id":256,"href":"https:\/\/madirokitamby.com\/index.php\/wp-json\/wp\/v2\/pages\/41\/revisions\/256"}],"wp:attachment":[{"href":"https:\/\/madirokitamby.com\/index.php\/wp-json\/wp\/v2\/media?parent=41"}],"curies":[{"name":"wp","href":"https:\/\/api.w.org\/{rel}","templated":true}]}}