{"id":37,"date":"2023-06-17T17:10:05","date_gmt":"2023-06-17T15:10:05","guid":{"rendered":"https:\/\/madirokitamby.com\/?page_id=37"},"modified":"2025-12-07T08:13:39","modified_gmt":"2025-12-07T07:13:39","slug":"nosy-hara","status":"publish","type":"page","link":"https:\/\/madirokitamby.com\/index.php\/nosy-hara\/","title":{"rendered":"Excursions \u00e0 Nosy Hara"},"content":{"rendered":"\n<p>L\u2019archipel de Nosy Hara est compos\u00e9 de 15 \u00eelots. <\/p>\n\n\n\n<p>Il constitue l\u2019un des \u00e9cosyst\u00e8mes naturels malgaches rest\u00e9s quasi vierges. <\/p>\n\n\n\n<p>Situ\u00e9 dans la baie du Courrier, il a des paysages marins pr\u00e9serv\u00e9s et des tsingy qui se dressent sur la mer, ce qui lui a valu le statut de parc National de Madagascar. &nbsp;<\/p>\n\n\n\n<p>Vous pourrez aussi y partir \u00e0 la recherche du plus petit cam\u00e9l\u00e9on du monde. <\/p>\n\n\n\n<p><strong>Nosy Hara en pension compl\u00e8te en bivouac pour une nuit : <\/strong> plus d&#8217;informations : resa.madiro.kitamby@gmail.com<\/p>\n\n\n\n<p><strong>Taxe du parc national Nosy Hara : 13\u20ac\/jour\/personne<\/strong><\/p>\n\n\n\n<p><\/p>\n\n\n\n<figure class=\"wp-block-image size-large\"><img loading=\"lazy\" decoding=\"async\" width=\"1024\" height=\"683\" src=\"https:\/\/madirokitamby.com\/wp-content\/uploads\/2023\/06\/347258568_10225659308124275_6355874685849887819_n-1-1024x683.jpg\" alt=\"Nosy Hara, Madiro Kitamby, manger, dormir, excursions, plong\u00e9e, p\u00eache, baie du Courrier, Diego Suarez, Madagascar\" class=\"wp-image-64\" style=\"object-fit:cover\" srcset=\"https:\/\/madirokitamby.com\/wp-content\/uploads\/2023\/06\/347258568_10225659308124275_6355874685849887819_n-1-1024x683.jpg 1024w, https:\/\/madirokitamby.com\/wp-content\/uploads\/2023\/06\/347258568_10225659308124275_6355874685849887819_n-1-300x200.jpg 300w, https:\/\/madirokitamby.com\/wp-content\/uploads\/2023\/06\/347258568_10225659308124275_6355874685849887819_n-1-768x512.jpg 768w, https:\/\/madirokitamby.com\/wp-content\/uploads\/2023\/06\/347258568_10225659308124275_6355874685849887819_n-1-1536x1024.jpg 1536w, https:\/\/madirokitamby.com\/wp-content\/uploads\/2023\/06\/347258568_10225659308124275_6355874685849887819_n-1.jpg 2048w\" sizes=\"auto, (max-width: 1024px) 100vw, 1024px\" \/><\/figure>\n\n\n\n<figure class=\"wp-block-gallery has-nested-images columns-default is-cropped wp-block-gallery-1 is-layout-flex wp-block-gallery-is-layout-flex\"><\/figure>\n\n\n\n<figure class=\"wp-block-gallery has-nested-images columns-default is-cropped wp-block-gallery-2 is-layout-flex wp-block-gallery-is-layout-flex\">\n<figure class=\"wp-block-image size-large\"><img loading=\"lazy\" decoding=\"async\" width=\"1024\" height=\"768\" data-id=\"74\" src=\"https:\/\/madirokitamby.com\/wp-content\/uploads\/2023\/06\/20230516_100241-1-1024x768.jpg\" alt=\"Nosy Hara, Madiro Kitamby,  manger, dormir, excursions, plong\u00e9e, p\u00eache, baie du Courrier, Diego Suarez, Madagascar\" class=\"wp-image-74\" srcset=\"https:\/\/madirokitamby.com\/wp-content\/uploads\/2023\/06\/20230516_100241-1-1024x768.jpg 1024w, https:\/\/madirokitamby.com\/wp-content\/uploads\/2023\/06\/20230516_100241-1-300x225.jpg 300w, https:\/\/madirokitamby.com\/wp-content\/uploads\/2023\/06\/20230516_100241-1-768x576.jpg 768w, https:\/\/madirokitamby.com\/wp-content\/uploads\/2023\/06\/20230516_100241-1-1536x1152.jpg 1536w, https:\/\/madirokitamby.com\/wp-content\/uploads\/2023\/06\/20230516_100241-1-2048x1536.jpg 2048w, https:\/\/madirokitamby.com\/wp-content\/uploads\/2023\/06\/20230516_100241-1-120x90.jpg 120w\" sizes=\"auto, (max-width: 1024px) 100vw, 1024px\" \/><\/figure>\n\n\n\n<figure class=\"wp-block-image size-large\"><img loading=\"lazy\" decoding=\"async\" width=\"1024\" height=\"768\" data-id=\"72\" src=\"https:\/\/madirokitamby.com\/wp-content\/uploads\/2023\/06\/20230516_124454-1024x768.jpg\" alt=\"Nosy Hara, Madiro Kitamby,  manger, dormir, excursions, plong\u00e9e, p\u00eache, baie du Courrier, Diego Suarez, Madagascar\" class=\"wp-image-72\" srcset=\"https:\/\/madirokitamby.com\/wp-content\/uploads\/2023\/06\/20230516_124454-1024x768.jpg 1024w, https:\/\/madirokitamby.com\/wp-content\/uploads\/2023\/06\/20230516_124454-300x225.jpg 300w, https:\/\/madirokitamby.com\/wp-content\/uploads\/2023\/06\/20230516_124454-768x576.jpg 768w, https:\/\/madirokitamby.com\/wp-content\/uploads\/2023\/06\/20230516_124454-1536x1152.jpg 1536w, https:\/\/madirokitamby.com\/wp-content\/uploads\/2023\/06\/20230516_124454-2048x1536.jpg 2048w, https:\/\/madirokitamby.com\/wp-content\/uploads\/2023\/06\/20230516_124454-120x90.jpg 120w\" sizes=\"auto, (max-width: 1024px) 100vw, 1024px\" \/><\/figure>\n\n\n\n<figure class=\"wp-block-image size-large\"><img loading=\"lazy\" decoding=\"async\" width=\"1024\" height=\"768\" data-id=\"75\" src=\"https:\/\/madirokitamby.com\/wp-content\/uploads\/2023\/06\/20230517_083610-1-1024x768.jpg\" alt=\"Nosy Hara, Madiro Kitamby,  manger, dormir, excursions, plong\u00e9e, p\u00eache, baie du Courrier, Diego Suarez, Madagascar\" class=\"wp-image-75\" srcset=\"https:\/\/madirokitamby.com\/wp-content\/uploads\/2023\/06\/20230517_083610-1-1024x768.jpg 1024w, https:\/\/madirokitamby.com\/wp-content\/uploads\/2023\/06\/20230517_083610-1-300x225.jpg 300w, https:\/\/madirokitamby.com\/wp-content\/uploads\/2023\/06\/20230517_083610-1-768x576.jpg 768w, https:\/\/madirokitamby.com\/wp-content\/uploads\/2023\/06\/20230517_083610-1-1536x1152.jpg 1536w, https:\/\/madirokitamby.com\/wp-content\/uploads\/2023\/06\/20230517_083610-1-2048x1536.jpg 2048w, https:\/\/madirokitamby.com\/wp-content\/uploads\/2023\/06\/20230517_083610-1-120x90.jpg 120w\" sizes=\"auto, (max-width: 1024px) 100vw, 1024px\" \/><\/figure>\n\n\n\n<figure class=\"wp-block-image size-large\"><img loading=\"lazy\" decoding=\"async\" width=\"1024\" height=\"840\" data-id=\"76\" src=\"https:\/\/madirokitamby.com\/wp-content\/uploads\/2023\/06\/20230518_093030-1-1024x840.jpg\" alt=\"Nosy Hara, Madiro Kitamby,  manger, dormir, excursions, plong\u00e9e, p\u00eache, baie du Courrier, Diego Suarez, Madagascar\" class=\"wp-image-76\" srcset=\"https:\/\/madirokitamby.com\/wp-content\/uploads\/2023\/06\/20230518_093030-1-1024x840.jpg 1024w, https:\/\/madirokitamby.com\/wp-content\/uploads\/2023\/06\/20230518_093030-1-300x246.jpg 300w, https:\/\/madirokitamby.com\/wp-content\/uploads\/2023\/06\/20230518_093030-1-768x630.jpg 768w, https:\/\/madirokitamby.com\/wp-content\/uploads\/2023\/06\/20230518_093030-1-1536x1260.jpg 1536w, https:\/\/madirokitamby.com\/wp-content\/uploads\/2023\/06\/20230518_093030-1-2048x1680.jpg 2048w\" sizes=\"auto, (max-width: 1024px) 100vw, 1024px\" \/><\/figure>\n\n\n\n<figure class=\"wp-block-image size-large\"><img loading=\"lazy\" decoding=\"async\" width=\"1024\" height=\"768\" data-id=\"71\" src=\"https:\/\/madirokitamby.com\/wp-content\/uploads\/2023\/06\/20230516_160536-1024x768.jpg\" alt=\"Nosy Hara, Madiro Kitamby, cam\u00e9l\u00e9on,  manger, dormir, excursions, plong\u00e9e, p\u00eache, baie du Courrier, Diego Suarez, Madagascar\" class=\"wp-image-71\" srcset=\"https:\/\/madirokitamby.com\/wp-content\/uploads\/2023\/06\/20230516_160536-1024x768.jpg 1024w, https:\/\/madirokitamby.com\/wp-content\/uploads\/2023\/06\/20230516_160536-300x225.jpg 300w, https:\/\/madirokitamby.com\/wp-content\/uploads\/2023\/06\/20230516_160536-768x576.jpg 768w, https:\/\/madirokitamby.com\/wp-content\/uploads\/2023\/06\/20230516_160536-1536x1152.jpg 1536w, https:\/\/madirokitamby.com\/wp-content\/uploads\/2023\/06\/20230516_160536-2048x1536.jpg 2048w, https:\/\/madirokitamby.com\/wp-content\/uploads\/2023\/06\/20230516_160536-120x90.jpg 120w\" sizes=\"auto, (max-width: 1024px) 100vw, 1024px\" \/><\/figure>\n\n\n\n<figure class=\"wp-block-image size-large\"><img loading=\"lazy\" decoding=\"async\" width=\"1024\" height=\"768\" data-id=\"80\" src=\"https:\/\/madirokitamby.com\/wp-content\/uploads\/2023\/06\/20230516_162140-1024x768.jpg\" alt=\"Nosy Hara, Madiro Kitamby,  manger, dormir, excursions, plong\u00e9e, p\u00eache, baie du Courrier, Diego Suarez, Madagascar\" class=\"wp-image-80\" srcset=\"https:\/\/madirokitamby.com\/wp-content\/uploads\/2023\/06\/20230516_162140-1024x768.jpg 1024w, https:\/\/madirokitamby.com\/wp-content\/uploads\/2023\/06\/20230516_162140-300x225.jpg 300w, https:\/\/madirokitamby.com\/wp-content\/uploads\/2023\/06\/20230516_162140-768x576.jpg 768w, https:\/\/madirokitamby.com\/wp-content\/uploads\/2023\/06\/20230516_162140-1536x1152.jpg 1536w, https:\/\/madirokitamby.com\/wp-content\/uploads\/2023\/06\/20230516_162140-2048x1536.jpg 2048w, https:\/\/madirokitamby.com\/wp-content\/uploads\/2023\/06\/20230516_162140-120x90.jpg 120w\" sizes=\"auto, (max-width: 1024px) 100vw, 1024px\" \/><\/figure>\n<\/figure>\n\n\n\n<figure class=\"wp-block-gallery has-nested-images columns-default is-cropped wp-block-gallery-3 is-layout-flex wp-block-gallery-is-layout-flex\">\n<figure class=\"wp-block-image size-large\"><img loading=\"lazy\" decoding=\"async\" width=\"960\" height=\"720\" data-id=\"182\" src=\"https:\/\/madirokitamby.com\/wp-content\/uploads\/2023\/07\/NH1.jpg\" alt=\" Nosy hara, Madiro Kitamby, manger, dormir, excursions, plong\u00e9e, p\u00eache, baie du Courrier, Diego Suarez, Madagascar\" class=\"wp-image-182\" srcset=\"https:\/\/madirokitamby.com\/wp-content\/uploads\/2023\/07\/NH1.jpg 960w, https:\/\/madirokitamby.com\/wp-content\/uploads\/2023\/07\/NH1-300x225.jpg 300w, https:\/\/madirokitamby.com\/wp-content\/uploads\/2023\/07\/NH1-768x576.jpg 768w, https:\/\/madirokitamby.com\/wp-content\/uploads\/2023\/07\/NH1-120x90.jpg 120w\" sizes=\"auto, (max-width: 960px) 100vw, 960px\" \/><\/figure>\n<\/figure>\n","protected":false},"excerpt":{"rendered":"<p>L\u2019archipel de Nosy Hara est compos\u00e9 de 15 \u00eelots. Il constitue l\u2019un des \u00e9cosyst\u00e8mes naturels malgaches rest\u00e9s quasi vierges. Situ\u00e9 dans la baie du Courrier, il a des paysages marins pr\u00e9serv\u00e9s et des tsingy qui se dressent sur la mer, ce qui lui a valu le statut de parc National de Madagascar. &nbsp; Vous pourrez&hellip;<\/p>\n","protected":false},"author":1,"featured_media":0,"parent":0,"menu_order":0,"comment_status":"closed","ping_status":"closed","template":"","meta":{"footnotes":""},"class_list":["post-37","page","type-page","status-publish","hentry"],"_links":{"self":[{"href":"https:\/\/madirokitamby.com\/index.php\/wp-json\/wp\/v2\/pages\/37","targetHints":{"allow":["GET"]}}],"collection":[{"href":"https:\/\/madirokitamby.com\/index.php\/wp-json\/wp\/v2\/pages"}],"about":[{"href":"https:\/\/madirokitamby.com\/index.php\/wp-json\/wp\/v2\/types\/page"}],"author":[{"embeddable":true,"href":"https:\/\/madirokitamby.com\/index.php\/wp-json\/wp\/v2\/users\/1"}],"replies":[{"embeddable":true,"href":"https:\/\/madirokitamby.com\/index.php\/wp-json\/wp\/v2\/comments?post=37"}],"version-history":[{"count":18,"href":"https:\/\/madirokitamby.com\/index.php\/wp-json\/wp\/v2\/pages\/37\/revisions"}],"predecessor-version":[{"id":273,"href":"https:\/\/madirokitamby.com\/index.php\/wp-json\/wp\/v2\/pages\/37\/revisions\/273"}],"wp:attachment":[{"href":"https:\/\/madirokitamby.com\/index.php\/wp-json\/wp\/v2\/media?parent=37"}],"curies":[{"name":"wp","href":"https:\/\/api.w.org\/{rel}","templated":true}]}}