{"id":32,"date":"2023-06-17T16:59:36","date_gmt":"2023-06-17T14:59:36","guid":{"rendered":"https:\/\/madirokitamby.com\/?page_id=32"},"modified":"2023-08-02T17:37:59","modified_gmt":"2023-08-02T15:37:59","slug":"transfert","status":"publish","type":"page","link":"https:\/\/madirokitamby.com\/index.php\/transfert\/","title":{"rendered":"Transfert vers la baie du Courrier"},"content":{"rendered":"\n<p><strong>En 4&#215;4 et bateau : Diego Suarez\/ Madiro Kitamby\/ Diego Suarez : 95\u20ac<\/strong><\/p>\n\n\n\n<ul class=\"wp-block-list\">\n<li>depuis l&#8217;a\u00e9roport<\/li>\n\n\n\n<li>depuis le lieu de votre choix<\/li>\n<\/ul>\n\n\n\n<p><\/p>\n\n\n\n<p><strong>En bateau : Ampasidava\/ Madiro Kitamby\/ Ampasidava : 50\u20ac<\/strong><\/p>\n\n\n\n<p><\/p>\n\n\n\n<p>La piste est accessible aux aventuriers \u00e0 pied, \u00e0 v\u00e9lo, en quad. <\/p>\n\n\n\n<p>Contactez-nous si vous faites une \u00e9tape au g\u00eete. <\/p>\n\n\n\n<p><\/p>\n\n\n\n<p><a href=\"https:\/\/goo.gl\/maps\/GnHMLShivDhk2cfYA\">Localisation Google Maps<\/a><\/p>\n","protected":false},"excerpt":{"rendered":"<p>En 4&#215;4 et bateau : Diego Suarez\/ Madiro Kitamby\/ Diego Suarez : 95\u20ac En bateau : Ampasidava\/ Madiro Kitamby\/ Ampasidava : 50\u20ac La piste est accessible aux aventuriers \u00e0 pied, \u00e0 v\u00e9lo, en quad. Contactez-nous si vous faites une \u00e9tape au g\u00eete. Localisation Google Maps<\/p>\n","protected":false},"author":1,"featured_media":0,"parent":0,"menu_order":0,"comment_status":"closed","ping_status":"closed","template":"","meta":{"footnotes":""},"class_list":["post-32","page","type-page","status-publish","hentry"],"_links":{"self":[{"href":"https:\/\/madirokitamby.com\/index.php\/wp-json\/wp\/v2\/pages\/32","targetHints":{"allow":["GET"]}}],"collection":[{"href":"https:\/\/madirokitamby.com\/index.php\/wp-json\/wp\/v2\/pages"}],"about":[{"href":"https:\/\/madirokitamby.com\/index.php\/wp-json\/wp\/v2\/types\/page"}],"author":[{"embeddable":true,"href":"https:\/\/madirokitamby.com\/index.php\/wp-json\/wp\/v2\/users\/1"}],"replies":[{"embeddable":true,"href":"https:\/\/madirokitamby.com\/index.php\/wp-json\/wp\/v2\/comments?post=32"}],"version-history":[{"count":10,"href":"https:\/\/madirokitamby.com\/index.php\/wp-json\/wp\/v2\/pages\/32\/revisions"}],"predecessor-version":[{"id":252,"href":"https:\/\/madirokitamby.com\/index.php\/wp-json\/wp\/v2\/pages\/32\/revisions\/252"}],"wp:attachment":[{"href":"https:\/\/madirokitamby.com\/index.php\/wp-json\/wp\/v2\/media?parent=32"}],"curies":[{"name":"wp","href":"https:\/\/api.w.org\/{rel}","templated":true}]}}