{"id":28,"date":"2023-06-17T17:03:40","date_gmt":"2023-06-17T15:03:40","guid":{"rendered":"https:\/\/madirokitamby.com\/?page_id=28"},"modified":"2025-12-07T08:12:05","modified_gmt":"2025-12-07T07:12:05","slug":"hebergement-en-pension-complete","status":"publish","type":"page","link":"https:\/\/madirokitamby.com\/index.php\/hebergement-en-pension-complete\/","title":{"rendered":"Pension compl\u00e8te"},"content":{"rendered":"\n<p>Chambre double en pension compl\u00e8te (petit d\u00e9jeuner, d\u00e9jeuner et d\u00eener, boissons comprises) : 60\u20ac\/nuit<\/p>\n\n\n\n<p>Chambre familiale en pension compl\u00e8te (petit d\u00e9jeuner, d\u00e9jeuner et d\u00eener, boissons comprises) : 80\u20ac\/nuit<\/p>\n\n\n\n<p>Tente : 10\u20ac\/nuit<\/p>\n\n\n\n<p>Nous nous adaptons aux divers r\u00e9gimes alimentaires, merci de nous en informer. <\/p>\n\n\n\n<figure class=\"wp-block-image size-large\"><img loading=\"lazy\" decoding=\"async\" width=\"1024\" height=\"631\" src=\"https:\/\/madirokitamby.com\/wp-content\/uploads\/2023\/07\/MK-1024x631.jpg\" alt=\"G\u00eete Madiro Kitamby, dormir, manger, excursions, Windsor Castle, baie du Courrier, Diego Suarez, Madagascar, p\u00eache\" class=\"wp-image-238\" srcset=\"https:\/\/madirokitamby.com\/wp-content\/uploads\/2023\/07\/MK-1024x631.jpg 1024w, https:\/\/madirokitamby.com\/wp-content\/uploads\/2023\/07\/MK-300x185.jpg 300w, https:\/\/madirokitamby.com\/wp-content\/uploads\/2023\/07\/MK-768x473.jpg 768w, https:\/\/madirokitamby.com\/wp-content\/uploads\/2023\/07\/MK.jpg 1080w\" sizes=\"auto, (max-width: 1024px) 100vw, 1024px\" \/><\/figure>\n\n\n\n<figure class=\"wp-block-gallery has-nested-images columns-default is-cropped wp-block-gallery-1 is-layout-flex wp-block-gallery-is-layout-flex\">\n<figure class=\"wp-block-image size-large\"><img loading=\"lazy\" decoding=\"async\" width=\"1024\" height=\"768\" data-id=\"51\" src=\"https:\/\/madirokitamby.com\/wp-content\/uploads\/2023\/06\/20230512_163524-1024x768.jpg\" alt=\"Bungalow, g\u00eete, h\u00f4tel, dormir, manger, excursions, Madiro Kitamby, baie du Courrier, Diego Suarez, Madagascar\" class=\"wp-image-51\" srcset=\"https:\/\/madirokitamby.com\/wp-content\/uploads\/2023\/06\/20230512_163524-1024x768.jpg 1024w, https:\/\/madirokitamby.com\/wp-content\/uploads\/2023\/06\/20230512_163524-300x225.jpg 300w, https:\/\/madirokitamby.com\/wp-content\/uploads\/2023\/06\/20230512_163524-768x576.jpg 768w, https:\/\/madirokitamby.com\/wp-content\/uploads\/2023\/06\/20230512_163524-1536x1152.jpg 1536w, https:\/\/madirokitamby.com\/wp-content\/uploads\/2023\/06\/20230512_163524-2048x1536.jpg 2048w, https:\/\/madirokitamby.com\/wp-content\/uploads\/2023\/06\/20230512_163524-120x90.jpg 120w\" sizes=\"auto, (max-width: 1024px) 100vw, 1024px\" \/><\/figure>\n\n\n\n<figure class=\"wp-block-image size-large\"><img loading=\"lazy\" decoding=\"async\" width=\"1024\" height=\"768\" data-id=\"50\" src=\"https:\/\/madirokitamby.com\/wp-content\/uploads\/2023\/06\/20230512_160845-1024x768.jpg\" alt=\"Bungalow, G\u00eete, H\u00f4tel, dormir, manger, excursions, Madiro Kitamby, baie du Courrier, Diego Suarez, Madagascar\" class=\"wp-image-50\" srcset=\"https:\/\/madirokitamby.com\/wp-content\/uploads\/2023\/06\/20230512_160845-1024x768.jpg 1024w, https:\/\/madirokitamby.com\/wp-content\/uploads\/2023\/06\/20230512_160845-300x225.jpg 300w, https:\/\/madirokitamby.com\/wp-content\/uploads\/2023\/06\/20230512_160845-768x576.jpg 768w, https:\/\/madirokitamby.com\/wp-content\/uploads\/2023\/06\/20230512_160845-1536x1152.jpg 1536w, https:\/\/madirokitamby.com\/wp-content\/uploads\/2023\/06\/20230512_160845-2048x1536.jpg 2048w, https:\/\/madirokitamby.com\/wp-content\/uploads\/2023\/06\/20230512_160845-120x90.jpg 120w\" sizes=\"auto, (max-width: 1024px) 100vw, 1024px\" \/><\/figure>\n<\/figure>\n\n\n\n<figure class=\"wp-block-gallery has-nested-images columns-default is-cropped wp-block-gallery-2 is-layout-flex wp-block-gallery-is-layout-flex\">\n<figure class=\"wp-block-image size-large\"><img loading=\"lazy\" decoding=\"async\" width=\"1024\" height=\"683\" data-id=\"53\" src=\"https:\/\/madirokitamby.com\/wp-content\/uploads\/2023\/06\/347253734_10225659310164326_3016813424861971693_n-1024x683.jpg\" alt=\"Bungalow, g\u00eete, h\u00f4tel, dormir, manger, excursions, Madiro Kitamby, baie du Courrier, Diego Suarez, Madagascar\" class=\"wp-image-53\" srcset=\"https:\/\/madirokitamby.com\/wp-content\/uploads\/2023\/06\/347253734_10225659310164326_3016813424861971693_n-1024x683.jpg 1024w, https:\/\/madirokitamby.com\/wp-content\/uploads\/2023\/06\/347253734_10225659310164326_3016813424861971693_n-300x200.jpg 300w, https:\/\/madirokitamby.com\/wp-content\/uploads\/2023\/06\/347253734_10225659310164326_3016813424861971693_n-768x512.jpg 768w, https:\/\/madirokitamby.com\/wp-content\/uploads\/2023\/06\/347253734_10225659310164326_3016813424861971693_n-1536x1024.jpg 1536w, https:\/\/madirokitamby.com\/wp-content\/uploads\/2023\/06\/347253734_10225659310164326_3016813424861971693_n.jpg 2048w\" sizes=\"auto, (max-width: 1024px) 100vw, 1024px\" \/><\/figure>\n\n\n\n<figure class=\"wp-block-image size-large\"><img loading=\"lazy\" decoding=\"async\" width=\"1024\" height=\"768\" data-id=\"214\" src=\"https:\/\/madirokitamby.com\/wp-content\/uploads\/2023\/07\/Tente-1024x768.jpeg\" alt=\"Tente, bivouac, g\u00eete, h\u00f4tel, Madiro Kitamby, Diego Suarez, dormir, manger, excursions, p\u00eache, Baie du courrier, Madagascar\" class=\"wp-image-214\" srcset=\"https:\/\/madirokitamby.com\/wp-content\/uploads\/2023\/07\/Tente-1024x768.jpeg 1024w, https:\/\/madirokitamby.com\/wp-content\/uploads\/2023\/07\/Tente-300x225.jpeg 300w, https:\/\/madirokitamby.com\/wp-content\/uploads\/2023\/07\/Tente-768x576.jpeg 768w, https:\/\/madirokitamby.com\/wp-content\/uploads\/2023\/07\/Tente-1536x1152.jpeg 1536w, https:\/\/madirokitamby.com\/wp-content\/uploads\/2023\/07\/Tente-120x90.jpeg 120w, https:\/\/madirokitamby.com\/wp-content\/uploads\/2023\/07\/Tente.jpeg 2000w\" sizes=\"auto, (max-width: 1024px) 100vw, 1024px\" \/><\/figure>\n\n\n\n<figure class=\"wp-block-image size-large\"><img loading=\"lazy\" decoding=\"async\" width=\"683\" height=\"1024\" data-id=\"54\" src=\"https:\/\/madirokitamby.com\/wp-content\/uploads\/2023\/06\/347397477_10225659327044748_7834366854088496759_n-683x1024.jpg\" alt=\"Bungalow, g\u00eete, h\u00f4tel, Madiro Kitamby, dormir, manger, excursions, p\u00eache baie du Courrier, Diego Suarez, Madagascar\" class=\"wp-image-54\" srcset=\"https:\/\/madirokitamby.com\/wp-content\/uploads\/2023\/06\/347397477_10225659327044748_7834366854088496759_n-683x1024.jpg 683w, https:\/\/madirokitamby.com\/wp-content\/uploads\/2023\/06\/347397477_10225659327044748_7834366854088496759_n-200x300.jpg 200w, https:\/\/madirokitamby.com\/wp-content\/uploads\/2023\/06\/347397477_10225659327044748_7834366854088496759_n-768x1152.jpg 768w, https:\/\/madirokitamby.com\/wp-content\/uploads\/2023\/06\/347397477_10225659327044748_7834366854088496759_n-1024x1536.jpg 1024w, https:\/\/madirokitamby.com\/wp-content\/uploads\/2023\/06\/347397477_10225659327044748_7834366854088496759_n.jpg 1365w\" sizes=\"auto, (max-width: 683px) 100vw, 683px\" \/><\/figure>\n<\/figure>\n\n\n\n<figure class=\"wp-block-gallery has-nested-images columns-default is-cropped wp-block-gallery-3 is-layout-flex wp-block-gallery-is-layout-flex\">\n<figure class=\"wp-block-image size-large\"><img loading=\"lazy\" decoding=\"async\" width=\"1024\" height=\"683\" data-id=\"52\" src=\"https:\/\/madirokitamby.com\/wp-content\/uploads\/2023\/06\/347283919_10225659322964646_4268813687660495255_n-1024x683.jpg\" alt=\"Bungalow, g\u00eete, h\u00f4tel, Madiro kitamby, dormir, manger, excursions, p\u00eache baie du Courrier, p\u00eache Diego suarez, p\u00eache Madagascar\" class=\"wp-image-52\" srcset=\"https:\/\/madirokitamby.com\/wp-content\/uploads\/2023\/06\/347283919_10225659322964646_4268813687660495255_n-1024x683.jpg 1024w, https:\/\/madirokitamby.com\/wp-content\/uploads\/2023\/06\/347283919_10225659322964646_4268813687660495255_n-300x200.jpg 300w, https:\/\/madirokitamby.com\/wp-content\/uploads\/2023\/06\/347283919_10225659322964646_4268813687660495255_n-768x512.jpg 768w, https:\/\/madirokitamby.com\/wp-content\/uploads\/2023\/06\/347283919_10225659322964646_4268813687660495255_n-1536x1024.jpg 1536w, https:\/\/madirokitamby.com\/wp-content\/uploads\/2023\/06\/347283919_10225659322964646_4268813687660495255_n.jpg 2048w\" sizes=\"auto, (max-width: 1024px) 100vw, 1024px\" \/><\/figure>\n<\/figure>\n\n\n\n<figure class=\"wp-block-gallery has-nested-images columns-default is-cropped wp-block-gallery-4 is-layout-flex wp-block-gallery-is-layout-flex\">\n<figure class=\"wp-block-image size-large\"><img loading=\"lazy\" decoding=\"async\" width=\"1024\" height=\"771\" data-id=\"165\" src=\"https:\/\/madirokitamby.com\/wp-content\/uploads\/2023\/07\/Table-1024x771.jpg\" alt=\"Table, restaurant, g\u00eete, h\u00f4tel, Madiro Kitamby, dormir, manger, excursions, baie du courrier, Diego Suarez, Madagascar\" class=\"wp-image-165\" srcset=\"https:\/\/madirokitamby.com\/wp-content\/uploads\/2023\/07\/Table-1024x771.jpg 1024w, https:\/\/madirokitamby.com\/wp-content\/uploads\/2023\/07\/Table-300x226.jpg 300w, https:\/\/madirokitamby.com\/wp-content\/uploads\/2023\/07\/Table-768x578.jpg 768w, https:\/\/madirokitamby.com\/wp-content\/uploads\/2023\/07\/Table-120x90.jpg 120w, https:\/\/madirokitamby.com\/wp-content\/uploads\/2023\/07\/Table.jpg 1080w\" sizes=\"auto, (max-width: 1024px) 100vw, 1024px\" \/><\/figure>\n<\/figure>\n","protected":false},"excerpt":{"rendered":"<p>Chambre double en pension compl\u00e8te (petit d\u00e9jeuner, d\u00e9jeuner et d\u00eener, boissons comprises) : 60\u20ac\/nuit Chambre familiale en pension compl\u00e8te (petit d\u00e9jeuner, d\u00e9jeuner et d\u00eener, boissons comprises) : 80\u20ac\/nuit Tente : 10\u20ac\/nuit Nous nous adaptons aux divers r\u00e9gimes alimentaires, merci de nous en informer.<\/p>\n","protected":false},"author":1,"featured_media":0,"parent":0,"menu_order":0,"comment_status":"closed","ping_status":"closed","template":"","meta":{"footnotes":""},"class_list":["post-28","page","type-page","status-publish","hentry"],"_links":{"self":[{"href":"https:\/\/madirokitamby.com\/index.php\/wp-json\/wp\/v2\/pages\/28","targetHints":{"allow":["GET"]}}],"collection":[{"href":"https:\/\/madirokitamby.com\/index.php\/wp-json\/wp\/v2\/pages"}],"about":[{"href":"https:\/\/madirokitamby.com\/index.php\/wp-json\/wp\/v2\/types\/page"}],"author":[{"embeddable":true,"href":"https:\/\/madirokitamby.com\/index.php\/wp-json\/wp\/v2\/users\/1"}],"replies":[{"embeddable":true,"href":"https:\/\/madirokitamby.com\/index.php\/wp-json\/wp\/v2\/comments?post=28"}],"version-history":[{"count":17,"href":"https:\/\/madirokitamby.com\/index.php\/wp-json\/wp\/v2\/pages\/28\/revisions"}],"predecessor-version":[{"id":271,"href":"https:\/\/madirokitamby.com\/index.php\/wp-json\/wp\/v2\/pages\/28\/revisions\/271"}],"wp:attachment":[{"href":"https:\/\/madirokitamby.com\/index.php\/wp-json\/wp\/v2\/media?parent=28"}],"curies":[{"name":"wp","href":"https:\/\/api.w.org\/{rel}","templated":true}]}}